{"id":137,"date":"2022-04-20T19:39:12","date_gmt":"2022-04-20T19:39:12","guid":{"rendered":"https:\/\/qalimentary.com\/desarrollo\/?page_id=137"},"modified":"2022-04-30T19:57:35","modified_gmt":"2022-04-30T19:57:35","slug":"alimentos","status":"publish","type":"page","link":"https:\/\/qalimentary.com\/desarrollo\/alimentos\/","title":{"rendered":"Alimentos"},"content":{"rendered":"\t\t<div data-elementor-type=\"wp-page\" data-elementor-id=\"137\" class=\"elementor elementor-137\">\n\t\t\t\t\t\t<section class=\"elementor-section elementor-top-section elementor-element elementor-element-23c5099 elementor-section-boxed elementor-section-height-default elementor-section-height-default\" data-id=\"23c5099\" data-element_type=\"section\">\n\t\t\t\t\t\t<div class=\"elementor-container elementor-column-gap-default\">\n\t\t\t\t\t<div class=\"elementor-column elementor-col-66 elementor-top-column elementor-element elementor-element-e197ceb\" data-id=\"e197ceb\" data-element_type=\"column\">\n\t\t\t<div class=\"elementor-widget-wrap elementor-element-populated\">\n\t\t\t\t\t\t<div class=\"elementor-element elementor-element-46aefa7 elementor-widget elementor-widget-image\" data-id=\"46aefa7\" data-element_type=\"widget\" data-widget_type=\"image.default\">\n\t\t\t\t<div class=\"elementor-widget-container\">\n\t\t\t\t\t\t\t\t\t\t\t\t\t<img fetchpriority=\"high\" decoding=\"async\" width=\"620\" height=\"375\" src=\"https:\/\/qalimentary.com\/desarrollo\/wp-content\/uploads\/2022\/04\/Campo-de-trigo-.webp\" class=\"attachment-large size-large wp-image-156\" alt=\"\" srcset=\"https:\/\/qalimentary.com\/desarrollo\/wp-content\/uploads\/2022\/04\/Campo-de-trigo-.webp 620w, https:\/\/qalimentary.com\/desarrollo\/wp-content\/uploads\/2022\/04\/Campo-de-trigo--300x181.webp 300w\" sizes=\"(max-width: 620px) 100vw, 620px\" \/>\t\t\t\t\t\t\t\t\t\t\t\t\t<\/div>\n\t\t\t\t<\/div>\n\t\t\t\t\t<\/div>\n\t\t<\/div>\n\t\t\t\t<div class=\"elementor-column elementor-col-33 elementor-top-column elementor-element elementor-element-0822439\" data-id=\"0822439\" data-element_type=\"column\">\n\t\t\t<div class=\"elementor-widget-wrap elementor-element-populated\">\n\t\t\t\t\t\t<div class=\"elementor-element elementor-element-8ee992d elementor-widget elementor-widget-heading\" data-id=\"8ee992d\" data-element_type=\"widget\" data-widget_type=\"heading.default\">\n\t\t\t\t<div class=\"elementor-widget-container\">\n\t\t\t<h5 class=\"elementor-heading-title elementor-size-default\">ALIMENTOS Y SU\nCADENA DE SUMINISTRO<\/h5>\t\t<\/div>\n\t\t\t\t<\/div>\n\t\t\t\t<div class=\"elementor-element elementor-element-7182ac5 elementor-widget elementor-widget-text-editor\" data-id=\"7182ac5\" data-element_type=\"widget\" data-widget_type=\"text-editor.default\">\n\t\t\t\t<div class=\"elementor-widget-container\">\n\t\t\t\t\t\t\t<ul class=\"font_8\">\n \t<li>\n<p class=\"font_8\">Auditor\u00edas basadas en est\u00e1ndares globales.<\/p>\n<\/li>\n \t<li>\n<p class=\"font_8\">Preparaci\u00f3n para certificaci\u00f3n en seguridad alimentaria.<\/p>\n<\/li>\n \t<li>\n<p class=\"font_8\">Pertenecer a una red de proveedores confiables Q&amp;FS.<\/p>\n<\/li>\n \t<li>\n<p class=\"font_8\">Capacitaci\u00f3n en temas Q&amp;FS.<\/p>\n<\/li>\n<\/ul>\n<ul class=\"font_8\">\n \t<li>\n<p class=\"font_8\">Servicio externo de auditor\u00edas de tercera parte.<\/p>\n<\/li>\n \t<li>\n<p class=\"font_8\">Diagn\u00f3stico inicial del proveedor.<\/p>\n<\/li>\n \t<li>\n<p class=\"font_8\">Desarrollo de proveedores.<\/p>\n<\/li>\n \t<li>\n<p class=\"font_8\">Asesor\u00eda en la implementaci\u00f3n de un departamento interno de desarrollo de proveedores.<\/p>\n<\/li>\n \t<li>\n<p class=\"font_8\">Impartici\u00f3n de cursos en sitio o en nuestras instalaciones.<\/p>\n<\/li>\n \t<li>\n<p class=\"font_8\">Etiquetado y Regulatorio.<\/p>\n<\/li>\n \t<li>\n<p class=\"font_8\">An\u00e1lisis de peligros de acuerdo a normas y regulaciones.<\/p>\n<\/li>\n<\/ul>\t\t\t\t\t\t<\/div>\n\t\t\t\t<\/div>\n\t\t\t\t\t<\/div>\n\t\t<\/div>\n\t\t\t\t\t<\/div>\n\t\t<\/section>\n\t\t\t\t<section class=\"elementor-section elementor-top-section elementor-element elementor-element-e7f1d46 elementor-section-boxed elementor-section-height-default elementor-section-height-default\" data-id=\"e7f1d46\" data-element_type=\"section\">\n\t\t\t\t\t\t<div class=\"elementor-container elementor-column-gap-default\">\n\t\t\t\t\t<div class=\"elementor-column elementor-col-66 elementor-top-column elementor-element elementor-element-d4d0d64\" data-id=\"d4d0d64\" data-element_type=\"column\">\n\t\t\t<div class=\"elementor-widget-wrap elementor-element-populated\">\n\t\t\t\t\t\t<div class=\"elementor-element elementor-element-7d66729 elementor-widget elementor-widget-image\" data-id=\"7d66729\" data-element_type=\"widget\" data-widget_type=\"image.default\">\n\t\t\t\t<div class=\"elementor-widget-container\">\n\t\t\t\t\t\t\t\t\t\t\t\t\t<img decoding=\"async\" width=\"620\" height=\"375\" src=\"https:\/\/qalimentary.com\/desarrollo\/wp-content\/uploads\/2022\/04\/cajas.webp\" class=\"attachment-large size-large wp-image-155\" alt=\"\" srcset=\"https:\/\/qalimentary.com\/desarrollo\/wp-content\/uploads\/2022\/04\/cajas.webp 620w, https:\/\/qalimentary.com\/desarrollo\/wp-content\/uploads\/2022\/04\/cajas-300x181.webp 300w\" sizes=\"(max-width: 620px) 100vw, 620px\" \/>\t\t\t\t\t\t\t\t\t\t\t\t\t<\/div>\n\t\t\t\t<\/div>\n\t\t\t\t\t<\/div>\n\t\t<\/div>\n\t\t\t\t<div class=\"elementor-column elementor-col-33 elementor-top-column elementor-element elementor-element-6cbec58\" data-id=\"6cbec58\" data-element_type=\"column\">\n\t\t\t<div class=\"elementor-widget-wrap elementor-element-populated\">\n\t\t\t\t\t\t<div class=\"elementor-element elementor-element-c133c3a elementor-widget elementor-widget-heading\" data-id=\"c133c3a\" data-element_type=\"widget\" data-widget_type=\"heading.default\">\n\t\t\t\t<div class=\"elementor-widget-container\">\n\t\t\t<h5 class=\"elementor-heading-title elementor-size-default\">INDUSTRIA DEL EMPAQUE<\/h5>\t\t<\/div>\n\t\t\t\t<\/div>\n\t\t\t\t<div class=\"elementor-element elementor-element-b514963 elementor-widget elementor-widget-text-editor\" data-id=\"b514963\" data-element_type=\"widget\" data-widget_type=\"text-editor.default\">\n\t\t\t\t<div class=\"elementor-widget-container\">\n\t\t\t\t\t\t\t<ul class=\"font_8\"><li><p class=\"font_8\">Nuevas normas de calidad e inocuidad aplicables a la industria de empaque para alimentos.<\/p><\/li><li><p class=\"font_8\">HARA An\u00e1lisis efectivo de peligros y riesgos\u00a0 para empaque.<\/p><\/li><\/ul>\t\t\t\t\t\t<\/div>\n\t\t\t\t<\/div>\n\t\t\t\t\t<\/div>\n\t\t<\/div>\n\t\t\t\t\t<\/div>\n\t\t<\/section>\n\t\t\t\t<section class=\"elementor-section elementor-top-section elementor-element elementor-element-ae37da9 elementor-section-boxed elementor-section-height-default elementor-section-height-default\" data-id=\"ae37da9\" data-element_type=\"section\">\n\t\t\t\t\t\t<div class=\"elementor-container elementor-column-gap-default\">\n\t\t\t\t\t<div class=\"elementor-column elementor-col-66 elementor-top-column elementor-element elementor-element-1be203c\" data-id=\"1be203c\" data-element_type=\"column\">\n\t\t\t<div class=\"elementor-widget-wrap elementor-element-populated\">\n\t\t\t\t\t\t<div class=\"elementor-element elementor-element-458977e elementor-widget elementor-widget-image\" data-id=\"458977e\" data-element_type=\"widget\" data-widget_type=\"image.default\">\n\t\t\t\t<div class=\"elementor-widget-container\">\n\t\t\t\t\t\t\t\t\t\t\t\t\t<img decoding=\"async\" width=\"620\" height=\"375\" src=\"https:\/\/qalimentary.com\/desarrollo\/wp-content\/uploads\/2022\/04\/IMG_7456.webp\" class=\"attachment-large size-large wp-image-154\" alt=\"\" srcset=\"https:\/\/qalimentary.com\/desarrollo\/wp-content\/uploads\/2022\/04\/IMG_7456.webp 620w, https:\/\/qalimentary.com\/desarrollo\/wp-content\/uploads\/2022\/04\/IMG_7456-300x181.webp 300w\" sizes=\"(max-width: 620px) 100vw, 620px\" \/>\t\t\t\t\t\t\t\t\t\t\t\t\t<\/div>\n\t\t\t\t<\/div>\n\t\t\t\t\t<\/div>\n\t\t<\/div>\n\t\t\t\t<div class=\"elementor-column elementor-col-33 elementor-top-column elementor-element elementor-element-6669887\" data-id=\"6669887\" data-element_type=\"column\">\n\t\t\t<div class=\"elementor-widget-wrap elementor-element-populated\">\n\t\t\t\t\t\t<div class=\"elementor-element elementor-element-21eb260 elementor-widget elementor-widget-heading\" data-id=\"21eb260\" data-element_type=\"widget\" data-widget_type=\"heading.default\">\n\t\t\t\t<div class=\"elementor-widget-container\">\n\t\t\t<h5 class=\"elementor-heading-title elementor-size-default\">ASUNTOS REGULATORIOS Y ETIQUETADO NUTRIMENTAL DE ALIMENTOS<\/h5>\t\t<\/div>\n\t\t\t\t<\/div>\n\t\t\t\t<div class=\"elementor-element elementor-element-d9045d3 elementor-widget elementor-widget-text-editor\" data-id=\"d9045d3\" data-element_type=\"widget\" data-widget_type=\"text-editor.default\">\n\t\t\t\t<div class=\"elementor-widget-container\">\n\t\t\t\t\t\t\t<ul class=\"font_8\"><li><p class=\"font_8\">Cursos y talleres de capacitaci\u00f3n de Normas Oficiales Mexicanas.<\/p><\/li><li><p class=\"font_8\">Aprobaci\u00f3n de productos de acuerdo al marco regulatorio aplicable.<\/p><\/li><li><p class=\"font_8\">Elaboraci\u00f3n de tablas nutrimentales para M\u00e9xico y Estados Unidos (FDA).<\/p><\/li><\/ul>\t\t\t\t\t\t<\/div>\n\t\t\t\t<\/div>\n\t\t\t\t\t<\/div>\n\t\t<\/div>\n\t\t\t\t\t<\/div>\n\t\t<\/section>\n\t\t\t\t<\/div>\n\t\t","protected":false},"excerpt":{"rendered":"<p>ALIMENTOS Y SU CADENA DE SUMINISTRO Auditor\u00edas basadas en est\u00e1ndares globales. Preparaci\u00f3n para certificaci\u00f3n en seguridad alimentaria. Pertenecer a una red de proveedores confiables Q&amp;FS. Capacitaci\u00f3n en temas Q&amp;FS. Servicio externo de auditor\u00edas de tercera parte. Diagn\u00f3stico inicial del proveedor. Desarrollo de proveedores. Asesor\u00eda en la implementaci\u00f3n de un departamento interno de desarrollo de proveedores. [&hellip;]<\/p>\n","protected":false},"author":1,"featured_media":0,"parent":0,"menu_order":0,"comment_status":"closed","ping_status":"closed","template":"elementor_header_footer","meta":{"footnotes":""},"class_list":["post-137","page","type-page","status-publish","hentry"],"_links":{"self":[{"href":"https:\/\/qalimentary.com\/desarrollo\/wp-json\/wp\/v2\/pages\/137","targetHints":{"allow":["GET"]}}],"collection":[{"href":"https:\/\/qalimentary.com\/desarrollo\/wp-json\/wp\/v2\/pages"}],"about":[{"href":"https:\/\/qalimentary.com\/desarrollo\/wp-json\/wp\/v2\/types\/page"}],"author":[{"embeddable":true,"href":"https:\/\/qalimentary.com\/desarrollo\/wp-json\/wp\/v2\/users\/1"}],"replies":[{"embeddable":true,"href":"https:\/\/qalimentary.com\/desarrollo\/wp-json\/wp\/v2\/comments?post=137"}],"version-history":[{"count":11,"href":"https:\/\/qalimentary.com\/desarrollo\/wp-json\/wp\/v2\/pages\/137\/revisions"}],"predecessor-version":[{"id":238,"href":"https:\/\/qalimentary.com\/desarrollo\/wp-json\/wp\/v2\/pages\/137\/revisions\/238"}],"wp:attachment":[{"href":"https:\/\/qalimentary.com\/desarrollo\/wp-json\/wp\/v2\/media?parent=137"}],"curies":[{"name":"wp","href":"https:\/\/api.w.org\/{rel}","templated":true}]}}