{"id":139,"date":"2022-04-20T19:38:56","date_gmt":"2022-04-20T19:38:56","guid":{"rendered":"https:\/\/qalimentary.com\/desarrollo\/?page_id=139"},"modified":"2022-04-30T19:58:23","modified_gmt":"2022-04-30T19:58:23","slug":"cosmetologia","status":"publish","type":"page","link":"https:\/\/qalimentary.com\/desarrollo\/cosmetologia\/","title":{"rendered":"Cosmetolog\u00eda"},"content":{"rendered":"\t\t<div data-elementor-type=\"wp-page\" data-elementor-id=\"139\" class=\"elementor elementor-139\">\n\t\t\t\t\t\t<section class=\"elementor-section elementor-top-section elementor-element elementor-element-7622132 elementor-section-boxed elementor-section-height-default elementor-section-height-default\" data-id=\"7622132\" data-element_type=\"section\">\n\t\t\t\t\t\t<div class=\"elementor-container elementor-column-gap-default\">\n\t\t\t\t\t<div class=\"elementor-column elementor-col-66 elementor-top-column elementor-element elementor-element-49bf042\" data-id=\"49bf042\" data-element_type=\"column\">\n\t\t\t<div class=\"elementor-widget-wrap elementor-element-populated\">\n\t\t\t\t\t\t<div class=\"elementor-element elementor-element-fdc6615 elementor-widget elementor-widget-image\" data-id=\"fdc6615\" data-element_type=\"widget\" data-widget_type=\"image.default\">\n\t\t\t\t<div class=\"elementor-widget-container\">\n\t\t\t\t\t\t\t\t\t\t\t\t\t<img fetchpriority=\"high\" decoding=\"async\" width=\"620\" height=\"375\" src=\"https:\/\/qalimentary.com\/desarrollo\/wp-content\/uploads\/2022\/04\/maquillaje-scatered.webp\" class=\"attachment-large size-large wp-image-163\" alt=\"\" srcset=\"https:\/\/qalimentary.com\/desarrollo\/wp-content\/uploads\/2022\/04\/maquillaje-scatered.webp 620w, https:\/\/qalimentary.com\/desarrollo\/wp-content\/uploads\/2022\/04\/maquillaje-scatered-300x181.webp 300w\" sizes=\"(max-width: 620px) 100vw, 620px\" \/>\t\t\t\t\t\t\t\t\t\t\t\t\t<\/div>\n\t\t\t\t<\/div>\n\t\t\t\t\t<\/div>\n\t\t<\/div>\n\t\t\t\t<div class=\"elementor-column elementor-col-33 elementor-top-column elementor-element elementor-element-601472b\" data-id=\"601472b\" data-element_type=\"column\">\n\t\t\t<div class=\"elementor-widget-wrap elementor-element-populated\">\n\t\t\t\t\t\t<div class=\"elementor-element elementor-element-fe3ead1 elementor-widget elementor-widget-heading\" data-id=\"fe3ead1\" data-element_type=\"widget\" data-widget_type=\"heading.default\">\n\t\t\t\t<div class=\"elementor-widget-container\">\n\t\t\t<h5 class=\"elementor-heading-title elementor-size-default\">INDUSTRIA DE COSMETOLOG\u00cdA<\/h5>\t\t<\/div>\n\t\t\t\t<\/div>\n\t\t\t\t<div class=\"elementor-element elementor-element-e17fb03 elementor-widget elementor-widget-text-editor\" data-id=\"e17fb03\" data-element_type=\"widget\" data-widget_type=\"text-editor.default\">\n\t\t\t\t<div class=\"elementor-widget-container\">\n\t\t\t\t\t\t\t<ul class=\"font_8\"><li><p class=\"font_8\">Regulaciones en la industria de cosm\u00e9ticos.<\/p><\/li><li><p class=\"font_8\">Programas de calidad e inocuidad en la industria de cosm\u00e9ticos.<\/p><\/li><\/ul>\t\t\t\t\t\t<\/div>\n\t\t\t\t<\/div>\n\t\t\t\t\t<\/div>\n\t\t<\/div>\n\t\t\t\t\t<\/div>\n\t\t<\/section>\n\t\t\t\t<\/div>\n\t\t","protected":false},"excerpt":{"rendered":"<p>INDUSTRIA DE COSMETOLOG\u00cdA Regulaciones en la industria de cosm\u00e9ticos. Programas de calidad e inocuidad en la industria de cosm\u00e9ticos.<\/p>\n","protected":false},"author":1,"featured_media":0,"parent":0,"menu_order":0,"comment_status":"closed","ping_status":"closed","template":"elementor_header_footer","meta":{"footnotes":""},"class_list":["post-139","page","type-page","status-publish","hentry"],"_links":{"self":[{"href":"https:\/\/qalimentary.com\/desarrollo\/wp-json\/wp\/v2\/pages\/139","targetHints":{"allow":["GET"]}}],"collection":[{"href":"https:\/\/qalimentary.com\/desarrollo\/wp-json\/wp\/v2\/pages"}],"about":[{"href":"https:\/\/qalimentary.com\/desarrollo\/wp-json\/wp\/v2\/types\/page"}],"author":[{"embeddable":true,"href":"https:\/\/qalimentary.com\/desarrollo\/wp-json\/wp\/v2\/users\/1"}],"replies":[{"embeddable":true,"href":"https:\/\/qalimentary.com\/desarrollo\/wp-json\/wp\/v2\/comments?post=139"}],"version-history":[{"count":9,"href":"https:\/\/qalimentary.com\/desarrollo\/wp-json\/wp\/v2\/pages\/139\/revisions"}],"predecessor-version":[{"id":241,"href":"https:\/\/qalimentary.com\/desarrollo\/wp-json\/wp\/v2\/pages\/139\/revisions\/241"}],"wp:attachment":[{"href":"https:\/\/qalimentary.com\/desarrollo\/wp-json\/wp\/v2\/media?parent=139"}],"curies":[{"name":"wp","href":"https:\/\/api.w.org\/{rel}","templated":true}]}}