{"id":23,"date":"2022-04-20T19:39:33","date_gmt":"2022-04-20T19:39:33","guid":{"rendered":"https:\/\/qalimentary.com\/desarrollo\/?page_id=23"},"modified":"2022-04-30T19:38:59","modified_gmt":"2022-04-30T19:38:59","slug":"nosotros","status":"publish","type":"page","link":"https:\/\/qalimentary.com\/desarrollo\/nosotros\/","title":{"rendered":"Nosotros"},"content":{"rendered":"\t\t<div data-elementor-type=\"wp-page\" data-elementor-id=\"23\" class=\"elementor elementor-23\">\n\t\t\t\t\t\t<section class=\"elementor-section elementor-top-section elementor-element elementor-element-e6faa3a elementor-section-boxed elementor-section-height-default elementor-section-height-default\" data-id=\"e6faa3a\" data-element_type=\"section\" data-settings=\"{&quot;background_background&quot;:&quot;classic&quot;}\">\n\t\t\t\t\t\t<div class=\"elementor-container elementor-column-gap-default\">\n\t\t\t\t\t<div class=\"elementor-column elementor-col-100 elementor-top-column elementor-element elementor-element-ab10a5c\" data-id=\"ab10a5c\" data-element_type=\"column\">\n\t\t\t<div class=\"elementor-widget-wrap elementor-element-populated\">\n\t\t\t\t\t\t<div class=\"elementor-element elementor-element-103f3f5 elementor-widget elementor-widget-heading\" data-id=\"103f3f5\" data-element_type=\"widget\" data-widget_type=\"heading.default\">\n\t\t\t\t<div class=\"elementor-widget-container\">\n\t\t\t<h1 class=\"elementor-heading-title elementor-size-xxl\">Nosotros<\/h1>\t\t<\/div>\n\t\t\t\t<\/div>\n\t\t\t\t<div class=\"elementor-element elementor-element-05a4147 elementor-widget-divider--view-line elementor-widget elementor-widget-divider\" data-id=\"05a4147\" data-element_type=\"widget\" data-widget_type=\"divider.default\">\n\t\t\t\t<div class=\"elementor-widget-container\">\n\t\t\t\t\t<div class=\"elementor-divider\">\n\t\t\t<span class=\"elementor-divider-separator\">\n\t\t\t\t\t\t<\/span>\n\t\t<\/div>\n\t\t\t\t<\/div>\n\t\t\t\t<\/div>\n\t\t\t\t<div class=\"elementor-element elementor-element-1bd5e10 elementor-widget elementor-widget-text-editor\" data-id=\"1bd5e10\" data-element_type=\"widget\" data-widget_type=\"text-editor.default\">\n\t\t\t\t<div class=\"elementor-widget-container\">\n\t\t\t\t\t\t\t<p class=\"font_8\">Somos una empresa enfocada a brindar asesor\u00eda especializada en el ramo de la industria alimentaria, de empaque.<\/p><p class=\"font_8\">Nuestras evaluaciones se realizan de acuerdo con est\u00e1ndares internacionales, reconocidos por los l\u00edderes de la industria alimenticia y entidades regulatorias cuidando cada detalle en toda la cadena de suministros tales como:<\/p><ul class=\"font_8\"><li><p class=\"font_8\">Almacenamiento.<\/p><\/li><li><p class=\"font_8\">Materiales de empaque.<\/p><\/li><li><p class=\"font_8\">Plantas de alimentos.<\/p><\/li><li><p class=\"font_8\">Plantas de cosm\u00e9ticos<\/p><\/li><li><p class=\"font_8\">Etc.\u200b<\/p><\/li><\/ul><p class=\"font_8\">Nuestra finalidad es que los proveedores de plantas de alimentos generen la confianza necesaria y cumplan con los requisitos indispensables para trabajar de la mano con grandes empresas y consumidores finales.<\/p>\t\t\t\t\t\t<\/div>\n\t\t\t\t<\/div>\n\t\t\t\t<div class=\"elementor-element elementor-element-4abd569 elementor-widget elementor-widget-heading\" data-id=\"4abd569\" data-element_type=\"widget\" data-widget_type=\"heading.default\">\n\t\t\t\t<div class=\"elementor-widget-container\">\n\t\t\t<h3 class=\"elementor-heading-title elementor-size-default\">Que nos hace diferentes<\/h3>\t\t<\/div>\n\t\t\t\t<\/div>\n\t\t\t\t<div class=\"elementor-element elementor-element-33fc60a elementor-widget elementor-widget-text-editor\" data-id=\"33fc60a\" data-element_type=\"widget\" data-widget_type=\"text-editor.default\">\n\t\t\t\t<div class=\"elementor-widget-container\">\n\t\t\t\t\t\t\t<p class=\"font_8\">Nos enfocamos en crear una CULTURA DE CALIDAD E INOCUIDAD en\u00a0 todos los niveles de la organizaci\u00f3n:<\/p><ul class=\"font_8\"><li><p class=\"font_8\">Crear equipos multidisciplinarios propiciando la participaci\u00f3n \u201cTU IDEA ES IMPORTANTE\u00a8.<\/p><\/li><li><p class=\"font_8\">Trabajo en equipo \u201cLA CALIDAD ES DE TODOS\u201d.<\/p><\/li><li><p class=\"font_8\">Sensibilizando al personal \u201cLA CALIDAD NOS ABRE FRONTERAS\u201d.<\/p><\/li><li><p class=\"font_8\">Trabajar con objetivos y metas medibles \u00a8LO QUE NO SE MIDE NO SE CONTROLA\u201d.<\/p><\/li><li><p class=\"font_8\">Aprendizaje \u201cCREAR CULTURA DE MEJORA CONTINUA\u00a8.<\/p><\/li><li><p class=\"font_8\">CREAR ALIANZAS ESTRAT\u00c9GICAS CON EQUIPOS MULTIDISCIPLINARIOS EXPERTOS.<\/p><\/li><\/ul>\t\t\t\t\t\t<\/div>\n\t\t\t\t<\/div>\n\t\t\t\t\t<\/div>\n\t\t<\/div>\n\t\t\t\t\t<\/div>\n\t\t<\/section>\n\t\t\t\t<section class=\"elementor-section elementor-top-section elementor-element elementor-element-468e661 elementor-section-boxed elementor-section-height-default elementor-section-height-default\" data-id=\"468e661\" data-element_type=\"section\" data-settings=\"{&quot;background_background&quot;:&quot;classic&quot;}\">\n\t\t\t\t\t\t<div class=\"elementor-container elementor-column-gap-default\">\n\t\t\t\t\t<div class=\"elementor-column elementor-col-50 elementor-top-column elementor-element elementor-element-375edfb\" data-id=\"375edfb\" data-element_type=\"column\">\n\t\t\t<div class=\"elementor-widget-wrap elementor-element-populated\">\n\t\t\t\t\t\t<div class=\"elementor-element elementor-element-a3d7367 elementor-position-left elementor-vertical-align-top elementor-widget elementor-widget-image-box\" data-id=\"a3d7367\" data-element_type=\"widget\" data-widget_type=\"image-box.default\">\n\t\t\t\t<div class=\"elementor-widget-container\">\n\t\t\t<div class=\"elementor-image-box-wrapper\"><figure class=\"elementor-image-box-img\"><img decoding=\"async\" width=\"120\" height=\"120\" src=\"https:\/\/qalimentary.com\/desarrollo\/wp-content\/uploads\/2022\/04\/5bfb6f_5577b01919214f47ad5236247965ec04.webp\" class=\"attachment-medium size-medium wp-image-108\" alt=\"\" \/><\/figure><div class=\"elementor-image-box-content\"><h3 class=\"elementor-image-box-title\">Jaime Corrales <br>Fundador y CEO<\/h3><\/div><\/div>\t\t<\/div>\n\t\t\t\t<\/div>\n\t\t\t\t<div class=\"elementor-element elementor-element-ea53bcd elementor-position-left elementor-vertical-align-top elementor-widget elementor-widget-image-box\" data-id=\"ea53bcd\" data-element_type=\"widget\" data-widget_type=\"image-box.default\">\n\t\t\t\t<div class=\"elementor-widget-container\">\n\t\t\t<div class=\"elementor-image-box-wrapper\"><figure class=\"elementor-image-box-img\"><img decoding=\"async\" width=\"120\" height=\"120\" src=\"https:\/\/qalimentary.com\/desarrollo\/wp-content\/uploads\/2022\/04\/5bfb6f_ef3571b1f42542179f2525e57de97e3c.webp\" class=\"attachment-medium size-medium wp-image-110\" alt=\"\" \/><\/figure><div class=\"elementor-image-box-content\"><h3 class=\"elementor-image-box-title\">Kim Bartolom\u00e9 <br>VP Marketing<\/h3><\/div><\/div>\t\t<\/div>\n\t\t\t\t<\/div>\n\t\t\t\t\t<\/div>\n\t\t<\/div>\n\t\t\t\t<div class=\"elementor-column elementor-col-50 elementor-top-column elementor-element elementor-element-fd33271\" data-id=\"fd33271\" data-element_type=\"column\">\n\t\t\t<div class=\"elementor-widget-wrap elementor-element-populated\">\n\t\t\t\t\t\t<div class=\"elementor-element elementor-element-b93ccd7 elementor-position-left elementor-vertical-align-top elementor-widget elementor-widget-image-box\" data-id=\"b93ccd7\" data-element_type=\"widget\" data-widget_type=\"image-box.default\">\n\t\t\t\t<div class=\"elementor-widget-container\">\n\t\t\t<div class=\"elementor-image-box-wrapper\"><figure class=\"elementor-image-box-img\"><img decoding=\"async\" width=\"120\" height=\"120\" src=\"https:\/\/qalimentary.com\/desarrollo\/wp-content\/uploads\/2022\/04\/5bfb6f_60ff20475dbc447f92c81fdcc6a6a7c1.webp\" class=\"attachment-medium size-medium wp-image-109\" alt=\"\" \/><\/figure><div class=\"elementor-image-box-content\"><h3 class=\"elementor-image-box-title\">Natalia Jik\u00f3n <br>Gerente<\/h3><\/div><\/div>\t\t<\/div>\n\t\t\t\t<\/div>\n\t\t\t\t<div class=\"elementor-element elementor-element-5de724b elementor-position-left elementor-vertical-align-top elementor-widget elementor-widget-image-box\" data-id=\"5de724b\" data-element_type=\"widget\" data-widget_type=\"image-box.default\">\n\t\t\t\t<div class=\"elementor-widget-container\">\n\t\t\t<div class=\"elementor-image-box-wrapper\"><figure class=\"elementor-image-box-img\"><img loading=\"lazy\" decoding=\"async\" width=\"120\" height=\"120\" src=\"https:\/\/qalimentary.com\/desarrollo\/wp-content\/uploads\/2022\/04\/5bfb6f_1cafad56984b4997bd73792b008c6fc3.webp\" class=\"attachment-medium size-medium wp-image-107\" alt=\"\" \/><\/figure><div class=\"elementor-image-box-content\"><h3 class=\"elementor-image-box-title\">Santiago Sinclair <br>VP de cuentas<\/h3><\/div><\/div>\t\t<\/div>\n\t\t\t\t<\/div>\n\t\t\t\t\t<\/div>\n\t\t<\/div>\n\t\t\t\t\t<\/div>\n\t\t<\/section>\n\t\t\t\t<\/div>\n\t\t","protected":false},"excerpt":{"rendered":"<p>Nosotros Somos una empresa enfocada a brindar asesor\u00eda especializada en el ramo de la industria alimentaria, de empaque. Nuestras evaluaciones se realizan de acuerdo con est\u00e1ndares internacionales, reconocidos por los l\u00edderes de la industria alimenticia y entidades regulatorias cuidando cada detalle en toda la cadena de suministros tales como: Almacenamiento. Materiales de empaque. Plantas de [&hellip;]<\/p>\n","protected":false},"author":1,"featured_media":0,"parent":0,"menu_order":0,"comment_status":"closed","ping_status":"closed","template":"elementor_header_footer","meta":{"footnotes":""},"class_list":["post-23","page","type-page","status-publish","hentry"],"_links":{"self":[{"href":"https:\/\/qalimentary.com\/desarrollo\/wp-json\/wp\/v2\/pages\/23","targetHints":{"allow":["GET"]}}],"collection":[{"href":"https:\/\/qalimentary.com\/desarrollo\/wp-json\/wp\/v2\/pages"}],"about":[{"href":"https:\/\/qalimentary.com\/desarrollo\/wp-json\/wp\/v2\/types\/page"}],"author":[{"embeddable":true,"href":"https:\/\/qalimentary.com\/desarrollo\/wp-json\/wp\/v2\/users\/1"}],"replies":[{"embeddable":true,"href":"https:\/\/qalimentary.com\/desarrollo\/wp-json\/wp\/v2\/comments?post=23"}],"version-history":[{"count":26,"href":"https:\/\/qalimentary.com\/desarrollo\/wp-json\/wp\/v2\/pages\/23\/revisions"}],"predecessor-version":[{"id":232,"href":"https:\/\/qalimentary.com\/desarrollo\/wp-json\/wp\/v2\/pages\/23\/revisions\/232"}],"wp:attachment":[{"href":"https:\/\/qalimentary.com\/desarrollo\/wp-json\/wp\/v2\/media?parent=23"}],"curies":[{"name":"wp","href":"https:\/\/api.w.org\/{rel}","templated":true}]}}