{"id":27,"date":"2022-04-20T19:38:48","date_gmt":"2022-04-20T19:38:48","guid":{"rendered":"https:\/\/qalimentary.com\/desarrollo\/?page_id=27"},"modified":"2022-04-30T20:00:37","modified_gmt":"2022-04-30T20:00:37","slug":"cursos","status":"publish","type":"page","link":"https:\/\/qalimentary.com\/desarrollo\/cursos\/","title":{"rendered":"Cursos"},"content":{"rendered":"\t\t<div data-elementor-type=\"wp-page\" data-elementor-id=\"27\" class=\"elementor elementor-27\">\n\t\t\t\t\t\t<section class=\"elementor-section elementor-top-section elementor-element elementor-element-3c14323 elementor-section-boxed elementor-section-height-default elementor-section-height-default\" data-id=\"3c14323\" data-element_type=\"section\">\n\t\t\t\t\t\t<div class=\"elementor-container elementor-column-gap-default\">\n\t\t\t\t\t<div class=\"elementor-column elementor-col-100 elementor-top-column elementor-element elementor-element-2fb4516\" data-id=\"2fb4516\" data-element_type=\"column\">\n\t\t\t<div class=\"elementor-widget-wrap elementor-element-populated\">\n\t\t\t\t\t\t<div class=\"elementor-element elementor-element-60f431e elementor-widget elementor-widget-heading\" data-id=\"60f431e\" data-element_type=\"widget\" data-widget_type=\"heading.default\">\n\t\t\t\t<div class=\"elementor-widget-container\">\n\t\t\t<h1 class=\"elementor-heading-title elementor-size-xxl\">CURSOS<\/h1>\t\t<\/div>\n\t\t\t\t<\/div>\n\t\t\t\t\t<\/div>\n\t\t<\/div>\n\t\t\t\t\t<\/div>\n\t\t<\/section>\n\t\t\t\t<section class=\"elementor-section elementor-top-section elementor-element elementor-element-88d8bd3 elementor-section-boxed elementor-section-height-default elementor-section-height-default\" data-id=\"88d8bd3\" data-element_type=\"section\">\n\t\t\t\t\t\t<div class=\"elementor-container elementor-column-gap-default\">\n\t\t\t\t\t<div class=\"elementor-column elementor-col-50 elementor-top-column elementor-element elementor-element-106b856\" data-id=\"106b856\" data-element_type=\"column\">\n\t\t\t<div class=\"elementor-widget-wrap elementor-element-populated\">\n\t\t\t\t\t\t<div class=\"elementor-element elementor-element-c719626 elementor-widget elementor-widget-image\" data-id=\"c719626\" data-element_type=\"widget\" data-widget_type=\"image.default\">\n\t\t\t\t<div class=\"elementor-widget-container\">\n\t\t\t\t\t\t\t\t\t\t\t\t\t<img fetchpriority=\"high\" decoding=\"async\" width=\"448\" height=\"278\" src=\"https:\/\/qalimentary.com\/desarrollo\/wp-content\/uploads\/2022\/04\/Talk-equipo.webp\" class=\"attachment-large size-large wp-image-174\" alt=\"\" srcset=\"https:\/\/qalimentary.com\/desarrollo\/wp-content\/uploads\/2022\/04\/Talk-equipo.webp 448w, https:\/\/qalimentary.com\/desarrollo\/wp-content\/uploads\/2022\/04\/Talk-equipo-300x186.webp 300w\" sizes=\"(max-width: 448px) 100vw, 448px\" \/>\t\t\t\t\t\t\t\t\t\t\t\t\t<\/div>\n\t\t\t\t<\/div>\n\t\t\t\t\t<\/div>\n\t\t<\/div>\n\t\t\t\t<div class=\"elementor-column elementor-col-50 elementor-top-column elementor-element elementor-element-e91968e\" data-id=\"e91968e\" data-element_type=\"column\">\n\t\t\t<div class=\"elementor-widget-wrap elementor-element-populated\">\n\t\t\t\t\t\t<div class=\"elementor-element elementor-element-df1fc82 elementor-widget elementor-widget-heading\" data-id=\"df1fc82\" data-element_type=\"widget\" data-widget_type=\"heading.default\">\n\t\t\t\t<div class=\"elementor-widget-container\">\n\t\t\t<h3 class=\"elementor-heading-title elementor-size-default\">ALIMENTOS Y EMPAQUE<\/h3>\t\t<\/div>\n\t\t\t\t<\/div>\n\t\t\t\t<div class=\"elementor-element elementor-element-d97797a elementor-widget elementor-widget-text-editor\" data-id=\"d97797a\" data-element_type=\"widget\" data-widget_type=\"text-editor.default\">\n\t\t\t\t<div class=\"elementor-widget-container\">\n\t\t\t\t\t\t\t<ul class=\"font_8\"><li><p>HACCP.<\/p><\/li><li><p class=\"font_8\">BPM.<\/p><\/li><li><p class=\"font_8\">Mantenimiento preventivo.<\/p><\/li><li><p class=\"font_8\">Control de plagas.<\/p><\/li><li><p class=\"font_8\">Control de al\u00e9rgenos.<\/p><\/li><li><p class=\"font_8\">Control de material extra\u00f1o<\/p><\/li><li><p class=\"font_8\">Control del agua.<\/p><\/li><li><p class=\"font_8\">Aprobaci\u00f3n de proveedores.<\/p><\/li><li><p class=\"font_8\">Programa de limpieza y sanidad.<\/p><\/li><li><p class=\"font_8\">Control microbiol\u00f3gico.<\/p><\/li><li><p class=\"font_8\">Cursos para la implementaci\u00f3n de esquemas reconocidos por GFSI.<\/p><\/li><li><p class=\"font_8\">Entre otros.<\/p><\/li><\/ul>\t\t\t\t\t\t<\/div>\n\t\t\t\t<\/div>\n\t\t\t\t\t<\/div>\n\t\t<\/div>\n\t\t\t\t\t<\/div>\n\t\t<\/section>\n\t\t\t\t<\/div>\n\t\t","protected":false},"excerpt":{"rendered":"<p>CURSOS ALIMENTOS Y EMPAQUE HACCP. BPM. Mantenimiento preventivo. Control de plagas. Control de al\u00e9rgenos. Control de material extra\u00f1o Control del agua. Aprobaci\u00f3n de proveedores. Programa de limpieza y sanidad. Control microbiol\u00f3gico. Cursos para la implementaci\u00f3n de esquemas reconocidos por GFSI. Entre otros.<\/p>\n","protected":false},"author":1,"featured_media":0,"parent":0,"menu_order":0,"comment_status":"closed","ping_status":"closed","template":"elementor_header_footer","meta":{"footnotes":""},"class_list":["post-27","page","type-page","status-publish","hentry"],"_links":{"self":[{"href":"https:\/\/qalimentary.com\/desarrollo\/wp-json\/wp\/v2\/pages\/27","targetHints":{"allow":["GET"]}}],"collection":[{"href":"https:\/\/qalimentary.com\/desarrollo\/wp-json\/wp\/v2\/pages"}],"about":[{"href":"https:\/\/qalimentary.com\/desarrollo\/wp-json\/wp\/v2\/types\/page"}],"author":[{"embeddable":true,"href":"https:\/\/qalimentary.com\/desarrollo\/wp-json\/wp\/v2\/users\/1"}],"replies":[{"embeddable":true,"href":"https:\/\/qalimentary.com\/desarrollo\/wp-json\/wp\/v2\/comments?post=27"}],"version-history":[{"count":11,"href":"https:\/\/qalimentary.com\/desarrollo\/wp-json\/wp\/v2\/pages\/27\/revisions"}],"predecessor-version":[{"id":247,"href":"https:\/\/qalimentary.com\/desarrollo\/wp-json\/wp\/v2\/pages\/27\/revisions\/247"}],"wp:attachment":[{"href":"https:\/\/qalimentary.com\/desarrollo\/wp-json\/wp\/v2\/media?parent=27"}],"curies":[{"name":"wp","href":"https:\/\/api.w.org\/{rel}","templated":true}]}}